{"id":602,"date":"2026-02-09T10:37:18","date_gmt":"2026-02-09T10:37:18","guid":{"rendered":"https:\/\/waouhwedding.com\/?page_id=602"},"modified":"2026-02-09T10:43:58","modified_gmt":"2026-02-09T10:43:58","slug":"mentions-legales-confidentialite","status":"publish","type":"page","link":"https:\/\/waouhwedding.com\/en\/mentions-legales-confidentialite\/","title":{"rendered":"Mentions l\u00e9gales &amp; confidentialit\u00e9"},"content":{"rendered":"<p class=\"has-background has-small-font-size\" style=\"background-color:#ffffdb\"><strong>\u00c9diteur du site<\/strong><br>H\u00e9laury Sauves<br>L&rsquo;Effet Waouh<br>Statut : Auto-entrepreneur<br>T\u00e9l\u00e9phone : 06.31.23.36.46<br>Email : hello@waouhwedding.fr<\/p>\n\n\n\n<p class=\"has-background has-small-font-size\" style=\"background-color:#ffffdb\"><strong>Immatriculation<\/strong><br>SIRET : 94275417700015<\/p>\n\n\n\n<p class=\"has-background has-small-font-size\" style=\"background-color:#ffffdb\"><strong>H\u00e9bergement<\/strong><br>Le site est h\u00e9berg\u00e9 par : OVH<\/p>\n\n\n\n<p class=\"has-background has-small-font-size\" style=\"background-color:#ffffdb\">Politique de confidentialit\u00e9<\/p>\n\n\n\n<p class=\"has-background has-small-font-size\" style=\"background-color:#ffffdb\">Les informations recueillies via le formulaire de contact du site sont enregistr\u00e9es dans un fichier informatis\u00e9 afin de r\u00e9pondre aux demandes des utilisateurs et d\u2019assurer le suivi des \u00e9changes.<\/p>\n\n\n\n<p class=\"has-background has-small-font-size\" style=\"background-color:#ffffdb\">Les donn\u00e9es collect\u00e9es peuvent inclure : nom, pr\u00e9nom, adresse email, num\u00e9ro de t\u00e9l\u00e9phone et toute information transmise volontairement via le formulaire.<\/p>\n\n\n\n<p class=\"has-background has-small-font-size\" style=\"background-color:#ffffdb\">Ces donn\u00e9es sont strictement destin\u00e9es \u00e0 un usage professionnel et ne sont en aucun cas c\u00e9d\u00e9es ou vendues \u00e0 des tiers.<\/p>\n\n\n\n<p class=\"has-background has-small-font-size\" style=\"background-color:#ffffdb\">Les donn\u00e9es sont conserv\u00e9es uniquement le temps n\u00e9cessaire au traitement des demandes et \u00e0 la relation commerciale.<\/p>\n\n\n\n<p class=\"has-background has-small-font-size\" style=\"background-color:#ffffdb\">Conform\u00e9ment au R\u00e8glement G\u00e9n\u00e9ral sur la Protection des Donn\u00e9es (RGPD), vous disposez d\u2019un droit d\u2019acc\u00e8s, de rectification et de suppression des donn\u00e9es vous concernant.<br>Pour exercer ce droit, vous pouvez adresser votre demande par email \u00e0 :&nbsp;hello@waouhwedding.fr<\/p>\n\n\n\n<p class=\"has-background has-small-font-size\" style=\"background-color:#ffffdb\">Les contenus (textes, images, vid\u00e9os) pr\u00e9sents sur ce site sont la propri\u00e9t\u00e9 de leur auteur et ne peuvent \u00eatre utilis\u00e9s sans autorisation pr\u00e9alable.<\/p>\n\n\n\n<h2 class=\"wp-block-heading has-background has-montserrat-alternates-font-family has-small-font-size\" style=\"background-color:#ffffdb\"><strong>Cookies<\/strong><\/h2>\n\n\n\n<p class=\"has-background has-small-font-size\" style=\"background-color:#ffffdb\">Le site peut utiliser des cookies \u00e0 des fins de fonctionnement et de mesure d\u2019audience.<br>L\u2019utilisateur peut \u00e0 tout moment configurer son navigateur pour refuser les cookies.<\/p>\n\n\n\n<p><\/p>","protected":false},"excerpt":{"rendered":"<p>\u00c9diteur du siteH\u00e9laury SauvesL&rsquo;Effet WaouhStatut : Auto-entrepreneurT\u00e9l\u00e9phone : 06.31.23.36.46Email : hello@waouhwedding.fr ImmatriculationSIRET : 94275417700015 H\u00e9bergementLe site est h\u00e9berg\u00e9 par : OVH Politique de confidentialit\u00e9 Les informations recueillies via le formulaire de contact du site sont enregistr\u00e9es dans un fichier informatis\u00e9 afin de r\u00e9pondre aux demandes des utilisateurs et d\u2019assurer le suivi des \u00e9changes. Les donn\u00e9es [&hellip;]<\/p>\n","protected":false},"author":1,"featured_media":0,"parent":0,"menu_order":0,"comment_status":"closed","ping_status":"closed","template":"","meta":{"footnotes":""},"class_list":["post-602","page","type-page","status-publish","hentry"],"_hostinger_reach_plugin_has_subscription_block":false,"_hostinger_reach_plugin_is_elementor":false,"_links":{"self":[{"href":"https:\/\/waouhwedding.com\/en\/wp-json\/wp\/v2\/pages\/602","targetHints":{"allow":["GET"]}}],"collection":[{"href":"https:\/\/waouhwedding.com\/en\/wp-json\/wp\/v2\/pages"}],"about":[{"href":"https:\/\/waouhwedding.com\/en\/wp-json\/wp\/v2\/types\/page"}],"author":[{"embeddable":true,"href":"https:\/\/waouhwedding.com\/en\/wp-json\/wp\/v2\/users\/1"}],"replies":[{"embeddable":true,"href":"https:\/\/waouhwedding.com\/en\/wp-json\/wp\/v2\/comments?post=602"}],"version-history":[{"count":3,"href":"https:\/\/waouhwedding.com\/en\/wp-json\/wp\/v2\/pages\/602\/revisions"}],"predecessor-version":[{"id":608,"href":"https:\/\/waouhwedding.com\/en\/wp-json\/wp\/v2\/pages\/602\/revisions\/608"}],"wp:attachment":[{"href":"https:\/\/waouhwedding.com\/en\/wp-json\/wp\/v2\/media?parent=602"}],"curies":[{"name":"wp","href":"https:\/\/api.w.org\/{rel}","templated":true}]}}