{"id":11,"date":"2026-01-03T12:59:56","date_gmt":"2026-01-03T12:59:56","guid":{"rendered":"https:\/\/waouhwedding.com\/?page_id=11"},"modified":"2026-02-17T10:30:30","modified_gmt":"2026-02-17T10:30:30","slug":"a-propos","status":"publish","type":"page","link":"https:\/\/waouhwedding.com\/en\/a-propos\/","title":{"rendered":"A propos"},"content":{"rendered":"<div class=\"wp-block-group alignfull has-global-padding is-layout-constrained wp-block-group-is-layout-constrained\">\n<div class=\"wp-block-cover alignfull has-parallax\" style=\"min-height:818px;aspect-ratio:unset;\"><div class=\"wp-block-cover__image-background wp-image-87 size-full has-parallax\" style=\"background-position:50% 50%;background-image:url(https:\/\/waouhwedding.com\/wp-content\/uploads\/2026\/01\/00082marionbphotographie-scaled.jpg)\"><\/div><span aria-hidden=\"true\" class=\"wp-block-cover__background has-black-background-color has-background-dim-20 has-background-dim\"><\/span><div class=\"wp-block-cover__inner-container has-global-padding is-layout-constrained wp-block-cover-is-layout-constrained\">\n<div class=\"wp-block-buttons is-content-justification-center is-layout-flex wp-container-core-buttons-is-layout-a89b3969 wp-block-buttons-is-layout-flex\"><\/div>\n\n\n\n<figure class=\"wp-block-image size-full\"><img fetchpriority=\"high\" decoding=\"async\" width=\"1080\" height=\"1350\" src=\"https:\/\/waouhwedding.com\/wp-content\/uploads\/2026\/01\/Green-Minimalist-Water-Ocean-Beach-Wave-Summer-Logo-Branding-Instagram-Post-14.png\" alt=\"\" class=\"wp-image-384\" srcset=\"https:\/\/waouhwedding.com\/wp-content\/uploads\/2026\/01\/Green-Minimalist-Water-Ocean-Beach-Wave-Summer-Logo-Branding-Instagram-Post-14.png 1080w, https:\/\/waouhwedding.com\/wp-content\/uploads\/2026\/01\/Green-Minimalist-Water-Ocean-Beach-Wave-Summer-Logo-Branding-Instagram-Post-14-240x300.png 240w, https:\/\/waouhwedding.com\/wp-content\/uploads\/2026\/01\/Green-Minimalist-Water-Ocean-Beach-Wave-Summer-Logo-Branding-Instagram-Post-14-819x1024.png 819w, https:\/\/waouhwedding.com\/wp-content\/uploads\/2026\/01\/Green-Minimalist-Water-Ocean-Beach-Wave-Summer-Logo-Branding-Instagram-Post-14-768x960.png 768w, https:\/\/waouhwedding.com\/wp-content\/uploads\/2026\/01\/Green-Minimalist-Water-Ocean-Beach-Wave-Summer-Logo-Branding-Instagram-Post-14-10x12.png 10w\" sizes=\"(max-width: 1080px) 100vw, 1080px\" \/><\/figure>\n<\/div><\/div>\n<\/div>\n\n\n\n<section class=\"wp-block-group alignfull is-style-header-fixed has-background has-global-padding is-layout-constrained wp-container-core-group-is-layout-e8d37ae0 wp-block-group-is-layout-constrained\" style=\"background-color:#ffffdb;margin-top:0px;padding-top:6rem;padding-right:var(--wp--preset--spacing--40);padding-bottom:0rem;padding-left:var(--wp--preset--spacing--40);font-size:clamp(0.875rem, 0.875rem + ((1vw - 0.2rem) * 0.464), 1.13rem);font-style:normal;font-weight:400;line-height:1.4\">\n<div class=\"wp-block-columns is-layout-flex wp-container-core-columns-is-layout-03ad6a19 wp-block-columns-is-layout-flex\" style=\"margin-bottom:0px\">\n<div class=\"wp-block-column is-vertically-aligned-center is-layout-flow wp-block-column-is-layout-flow\" style=\"flex-basis:50%\">\n<figure class=\"wp-block-image aligncenter size-full has-custom-border hover-color\"><img decoding=\"async\" width=\"1707\" height=\"2560\" src=\"https:\/\/waouhwedding.com\/wp-content\/uploads\/2026\/01\/helau2-6-sur-7-scaled.jpg\" alt=\"\" class=\"wp-image-256\" style=\"border-top-left-radius:46px;border-top-right-radius:46px;border-bottom-left-radius:46px;border-bottom-right-radius:46px\" srcset=\"https:\/\/waouhwedding.com\/wp-content\/uploads\/2026\/01\/helau2-6-sur-7-scaled.jpg 1707w, https:\/\/waouhwedding.com\/wp-content\/uploads\/2026\/01\/helau2-6-sur-7-200x300.jpg 200w, https:\/\/waouhwedding.com\/wp-content\/uploads\/2026\/01\/helau2-6-sur-7-683x1024.jpg 683w, https:\/\/waouhwedding.com\/wp-content\/uploads\/2026\/01\/helau2-6-sur-7-768x1152.jpg 768w, https:\/\/waouhwedding.com\/wp-content\/uploads\/2026\/01\/helau2-6-sur-7-1024x1536.jpg 1024w, https:\/\/waouhwedding.com\/wp-content\/uploads\/2026\/01\/helau2-6-sur-7-1365x2048.jpg 1365w\" sizes=\"(max-width: 1707px) 100vw, 1707px\" \/><\/figure>\n<\/div>\n\n\n\n<div class=\"wp-block-column is-vertically-aligned-center has-global-padding is-layout-constrained wp-container-core-column-is-layout-c4a7d96a wp-block-column-is-layout-constrained\" style=\"flex-basis:50%\">\n<h3 class=\"wp-block-heading has-text-align-center has-text-color has-suranna-font-family\" style=\"color:#4d0505;margin-top:0.5rem;margin-bottom:0rem;font-size:clamp(24.034px, 1.502rem + ((1vw - 3.2px) * 1.814), 40px);font-style:normal;font-weight:500;letter-spacing:0px;line-height:1.3\">Your wedding <br>my passion<\/h3>\n\n\n\n<p class=\"has-text-align-center has-text-color has-pontano-sans-font-family\" style=\"color:#4d0505;margin-top:20px;margin-bottom:20px;font-size:clamp(14px, 0.875rem + ((1vw - 3.2px) * 0.227), 16px);font-style:normal;font-weight:400;line-height:1.5\">I honed my taste for beauty and detail in the world of tourism and luxury hotels.<\/p>\n\n\n\n<p class=\"has-text-align-center has-text-color has-pontano-sans-font-family\" style=\"color:#4d0505;margin-top:20px;margin-bottom:20px;font-size:clamp(14px, 0.875rem + ((1vw - 3.2px) * 0.227), 16px);font-style:normal;font-weight:400;line-height:1.5\">That's where I learned to orchestrate emotions and make every moment special.<\/p>\n\n\n\n<p class=\"has-text-align-center has-text-color has-pontano-sans-font-family\" style=\"color:#4d0505;margin-top:20px;margin-bottom:20px;font-size:clamp(14px, 0.875rem + ((1vw - 3.2px) * 0.227), 16px);font-style:normal;font-weight:400;line-height:1.5\">Married, a traveler, I love love stories that transcend borders.<\/p>\n\n\n\n<p class=\"has-text-align-center has-text-color has-pontano-sans-font-family\" style=\"color:#4d0505;margin-top:20px;margin-bottom:20px;font-size:clamp(14px, 0.875rem + ((1vw - 3.2px) * 0.227), 16px);font-style:normal;font-weight:400;line-height:1.5\">For me, creating a wedding is the art of staging memories.<\/p>\n\n\n\n<p class=\"has-text-align-center has-text-color has-pontano-sans-font-family\" style=\"color:#4d0505;margin-top:20px;margin-bottom:20px;font-size:clamp(14px, 0.875rem + ((1vw - 3.2px) * 0.227), 16px);font-style:normal;font-weight:400;line-height:1.5\">Today, I combine organization, design, and creativity to imagine sincere, elegant, and joyful weddings for you, reflecting your story and that little spark I call : THE WOW EFFECT. <\/p>\n\n\n\n<p class=\"has-text-color has-pontano-sans-font-family\" style=\"color:#000000;margin-top:20px;margin-bottom:20px;font-size:clamp(14px, 0.875rem + ((1vw - 3.2px) * 0.227), 16px);font-style:normal;font-weight:400;line-height:1.5\"><\/p>\n\n\n\n<p><\/p>\n\n\n\n<p class=\"has-text-align-center has-text-color has-link-color has-ibm-plex-sans-thin-font-family wp-elements-ac60f836b2f58a2b0652e62db2ece5d8\" style=\"color:#4d0505\"><strong>H\u00e9laury<\/strong><\/p>\n<\/div>\n<\/div>\n<\/section>\n\n\n\n<section class=\"wp-block-group alignfull has-background has-global-padding is-layout-constrained wp-container-core-group-is-layout-79a025a1 wp-block-group-is-layout-constrained\" style=\"background-color:#ffffdb;margin-top:0px;padding-top:2.2rem;padding-right:var(--wp--preset--spacing--40);padding-bottom:2.2rem;padding-left:var(--wp--preset--spacing--40);font-size:clamp(0.875rem, 0.875rem + ((1vw - 0.2rem) * 0.464), 1.13rem);font-style:normal;font-weight:400;line-height:1.4\">\n<div class=\"wp-block-columns is-layout-flex wp-container-core-columns-is-layout-03ad6a19 wp-block-columns-is-layout-flex\" style=\"margin-bottom:0px\">\n<div class=\"wp-block-column is-vertically-aligned-center has-global-padding is-layout-constrained wp-container-core-column-is-layout-c4a7d96a wp-block-column-is-layout-constrained\" style=\"flex-basis:50%\">\n<h3 class=\"wp-block-heading has-text-align-center has-text-color has-background has-suranna-font-family\" style=\"color:#4d0505;background-color:#ffffdb;margin-top:0.5rem;margin-bottom:0rem;font-size:clamp(24.034px, 1.502rem + ((1vw - 3.2px) * 1.814), 40px);font-style:normal;font-weight:500;letter-spacing:0px;line-height:1.3\">Between meticulous organization &amp; <br>pure emotion<\/h3>\n\n\n\n<p class=\"has-text-align-center has-text-color has-pontano-sans-font-family\" style=\"color:#4d0505;margin-top:20px;margin-bottom:20px;font-size:clamp(14px, 0.875rem + ((1vw - 3.2px) * 0.227), 16px);font-style:normal;font-weight:400;line-height:1.5\">Every wedding should be a unique celebration, full of style and elegance. I specialize in creating unforgettable moments. My passion is to turn your dreams into reality by designing elegant weddings that reflect your personality. With meticulous attention to detail and a personalized approach, I will make your big day an event that reflects who you are and will amaze your guests.<\/p>\n\n\n\n<div class=\"wp-block-buttons is-horizontal is-content-justification-center is-layout-flex wp-container-core-buttons-is-layout-a300a970 wp-block-buttons-is-layout-flex\" style=\"margin-top:0.51rem\">\n<div class=\"wp-block-button has-custom-width wp-block-button__width-50 is-style-fill\"><a class=\"wp-block-button__link has-text-color has-background has-poiret-one-font-family has-text-align-center has-custom-font-size wp-element-button\" href=\"https:\/\/waouhwedding.com\/en\/services\/\" style=\"border-style:none;border-width:0px;border-top-left-radius:12.02rem;border-top-right-radius:12.02rem;border-bottom-left-radius:12.02rem;border-bottom-right-radius:12.02rem;color:#ffffdb;background-color:#4d0505;padding-top:0.71rem;padding-right:0.31rem;padding-bottom:0.71rem;padding-left:0.31rem;font-size:clamp(0.875rem, 0.875rem + ((1vw - 0.2rem) * 0.245), 1.01rem);font-style:normal;font-weight:600;letter-spacing:1px;line-height:1.5;text-transform:none\">What I propose<\/a><\/div>\n<\/div>\n<\/div>\n\n\n\n<div class=\"wp-block-column is-vertically-aligned-center is-layout-flow wp-block-column-is-layout-flow\" style=\"flex-basis:50%\">\n<figure class=\"wp-block-image aligncenter size-full has-custom-border hover-color\"><img decoding=\"async\" width=\"1709\" height=\"2560\" src=\"https:\/\/waouhwedding.com\/wp-content\/uploads\/2026\/01\/HelauryJonathan\u00a9OpalineBPhotographie-23-scaled.jpg\" alt=\"\" class=\"wp-image-257\" style=\"border-style:none;border-width:0px;border-top-left-radius:31px;border-top-right-radius:31px;border-bottom-left-radius:31px;border-bottom-right-radius:31px;aspect-ratio:3\/4;object-fit:cover\" srcset=\"https:\/\/waouhwedding.com\/wp-content\/uploads\/2026\/01\/HelauryJonathan\u00a9OpalineBPhotographie-23-scaled.jpg 1709w, https:\/\/waouhwedding.com\/wp-content\/uploads\/2026\/01\/HelauryJonathan\u00a9OpalineBPhotographie-23-200x300.jpg 200w, https:\/\/waouhwedding.com\/wp-content\/uploads\/2026\/01\/HelauryJonathan\u00a9OpalineBPhotographie-23-684x1024.jpg 684w, https:\/\/waouhwedding.com\/wp-content\/uploads\/2026\/01\/HelauryJonathan\u00a9OpalineBPhotographie-23-768x1150.jpg 768w, https:\/\/waouhwedding.com\/wp-content\/uploads\/2026\/01\/HelauryJonathan\u00a9OpalineBPhotographie-23-1025x1536.jpg 1025w, https:\/\/waouhwedding.com\/wp-content\/uploads\/2026\/01\/HelauryJonathan\u00a9OpalineBPhotographie-23-1367x2048.jpg 1367w\" sizes=\"(max-width: 1709px) 100vw, 1709px\" \/><\/figure>\n<\/div>\n<\/div>\n<\/section>\n\n\n\n<section class=\"wp-block-cover alignfull is-light has-parallax\" style=\"margin-top:0px;padding-top:1.01rem;padding-bottom:1.01rem;min-height:430px;aspect-ratio:unset;\"><div class=\"wp-block-cover__image-background wp-image-85 size-full has-parallax\" style=\"background-position:50% 50%;background-image:url(https:\/\/waouhwedding.com\/wp-content\/uploads\/2026\/01\/00017marionbphotographie-scaled.jpg)\"><\/div><span aria-hidden=\"true\" class=\"wp-block-cover__background has-background-dim-0 has-background-dim\" style=\"background-color:#edf1f2\"><\/span><div class=\"wp-block-cover__inner-container has-global-padding is-layout-constrained wp-container-core-cover-is-layout-b1bebcb3 wp-block-cover-is-layout-constrained\">\n<div class=\"wp-block-group has-text-color is-layout-flow wp-block-group-is-layout-flow\" style=\"color:#fffffd;margin-top:0px;padding-top:0rem;padding-right:1rem;padding-bottom:0rem;padding-left:1rem;font-size:clamp(0.875rem, 0.875rem + ((1vw - 0.2rem) * 0.464), 1.13rem);font-style:normal;font-weight:400;line-height:1.4\">\n<div class=\"wp-block-group has-global-padding is-layout-constrained wp-container-core-group-is-layout-bdbfdc43 wp-block-group-is-layout-constrained\">\n<p class=\"has-text-align-center has-text-color has-poiret-one-font-family\" style=\"color:#ffffdb;margin-top:0;margin-right:0;margin-bottom:0;margin-left:0;font-size:clamp(1.507rem, 1.507rem + ((1vw - 0.2rem) * 1.824), 2.51rem);font-style:normal;font-weight:400;line-height:1.6\"><strong>Turn your dreams into reality with a touch of modern elegance and exceptional service.<\/strong><\/p>\n<\/div>\n\n\n\n<div class=\"wp-block-group is-vertical is-content-justification-stretch is-layout-flex wp-container-core-group-is-layout-bfdebe91 wp-block-group-is-layout-flex\" style=\"margin-top:1.81rem;padding-right:0px;padding-left:0px\">\n<div class=\"wp-block-group has-global-padding is-content-justification-center is-layout-constrained wp-container-core-group-is-layout-2f0bcb29 wp-block-group-is-layout-constrained\" style=\"margin-top:0px\">\n<div class=\"wp-block-buttons is-horizontal is-content-justification-right is-layout-flex wp-container-core-buttons-is-layout-099266fd wp-block-buttons-is-layout-flex\" style=\"margin-top:0.51rem\">\n<div class=\"wp-block-button has-custom-width wp-block-button__width-100 is-style-fill\"><a class=\"wp-block-button__link has-text-color has-background has-poiret-one-font-family has-custom-font-size wp-element-button\" href=\"https:\/\/waouhwedding.com\/en\/contact\/\" style=\"border-style:none;border-width:0px;border-top-left-radius:4.16rem;border-top-right-radius:4.16rem;border-bottom-left-radius:4.16rem;border-bottom-right-radius:4.16rem;color:#ffffdb;background-color:#000000;padding-top:0.71rem;padding-right:0.31rem;padding-bottom:0.71rem;padding-left:0.31rem;font-size:clamp(0.875rem, 0.875rem + ((1vw - 0.2rem) * 0.245), 1.01rem);font-style:normal;font-weight:600;line-height:1.5;text-transform:none\">contact<\/a><\/div>\n<\/div>\n<\/div>\n<\/div>\n<\/div>\n<\/div><\/section>\n\n\n\n<p><\/p>","protected":false},"excerpt":{"rendered":"<p>Votre mariage, ma passion Le go\u00fbt du beau et du d\u00e9tail, je l\u2019ai aff\u00fbt\u00e9 dans l\u2019univers du tourisme et de l\u2019h\u00f4tellerie de luxe. C\u2019est l\u00e0 que j\u2019ai appris \u00e0 orchestrer les \u00e9motions et \u00e0 sublimer chaque instant. Mari\u00e9e, voyageuse, j\u2019aime les histoires d\u2019amour qui d\u00e9passent les fronti\u00e8res. Cr\u00e9er un mariage, pour moi, c\u2019est l\u2019art de [&hellip;]<\/p>\n","protected":false},"author":1,"featured_media":0,"parent":0,"menu_order":0,"comment_status":"closed","ping_status":"closed","template":"","meta":{"footnotes":""},"class_list":["post-11","page","type-page","status-publish","hentry"],"_hostinger_reach_plugin_has_subscription_block":false,"_hostinger_reach_plugin_is_elementor":false,"_links":{"self":[{"href":"https:\/\/waouhwedding.com\/en\/wp-json\/wp\/v2\/pages\/11","targetHints":{"allow":["GET"]}}],"collection":[{"href":"https:\/\/waouhwedding.com\/en\/wp-json\/wp\/v2\/pages"}],"about":[{"href":"https:\/\/waouhwedding.com\/en\/wp-json\/wp\/v2\/types\/page"}],"author":[{"embeddable":true,"href":"https:\/\/waouhwedding.com\/en\/wp-json\/wp\/v2\/users\/1"}],"replies":[{"embeddable":true,"href":"https:\/\/waouhwedding.com\/en\/wp-json\/wp\/v2\/comments?post=11"}],"version-history":[{"count":43,"href":"https:\/\/waouhwedding.com\/en\/wp-json\/wp\/v2\/pages\/11\/revisions"}],"predecessor-version":[{"id":581,"href":"https:\/\/waouhwedding.com\/en\/wp-json\/wp\/v2\/pages\/11\/revisions\/581"}],"wp:attachment":[{"href":"https:\/\/waouhwedding.com\/en\/wp-json\/wp\/v2\/media?parent=11"}],"curies":[{"name":"wp","href":"https:\/\/api.w.org\/{rel}","templated":true}]}}